{"id":1928,"date":"2024-07-04T12:55:46","date_gmt":"2024-07-04T10:55:46","guid":{"rendered":"https:\/\/insitu-me.eu\/qui-sommes-nous\/"},"modified":"2024-09-24T14:33:23","modified_gmt":"2024-09-24T12:33:23","slug":"qui-sommes-nous","status":"publish","type":"page","link":"https:\/\/insitu-me.eu\/fr\/qui-sommes-nous\/","title":{"rendered":"Qui sommes-nous"},"content":{"rendered":"\t\t<div data-elementor-type=\"wp-page\" data-elementor-id=\"1928\" class=\"elementor elementor-1928 elementor-1222\">\n\t\t\t\t<div class=\"elementor-element elementor-element-5d6275f0 e-flex e-con-boxed e-con e-parent\" data-id=\"5d6275f0\" data-element_type=\"container\" data-e-type=\"container\" data-settings=\"{&quot;background_background&quot;:&quot;slideshow&quot;,&quot;background_slideshow_gallery&quot;:[{&quot;id&quot;:1361,&quot;url&quot;:&quot;https:\\\/\\\/insitu-me.eu\\\/wp-content\\\/uploads\\\/2024\\\/07\\\/front-page-banner_2.jpg&quot;},{&quot;id&quot;:1307,&quot;url&quot;:&quot;https:\\\/\\\/insitu-me.eu\\\/wp-content\\\/uploads\\\/2024\\\/07\\\/front-page-banner.jpg&quot;},{&quot;id&quot;:1366,&quot;url&quot;:&quot;https:\\\/\\\/insitu-me.eu\\\/wp-content\\\/uploads\\\/2024\\\/07\\\/front-page-banner_3.jpg&quot;}],&quot;background_slideshow_slide_duration&quot;:4000,&quot;background_slideshow_transition_duration&quot;:2000,&quot;background_slideshow_loop&quot;:&quot;yes&quot;,&quot;background_slideshow_slide_transition&quot;:&quot;fade&quot;}\">\n\t\t\t\t\t<div class=\"e-con-inner\">\n\t\t<div class=\"elementor-element elementor-element-733c0b22 e-con-full e-flex e-con e-child\" data-id=\"733c0b22\" data-element_type=\"container\" data-e-type=\"container\">\n\t\t\t\t<div class=\"elementor-element elementor-element-58c09a53 elementor-widget elementor-widget-image\" data-id=\"58c09a53\" data-element_type=\"widget\" data-e-type=\"widget\" data-widget_type=\"image.default\">\n\t\t\t\t<div class=\"elementor-widget-container\">\n\t\t\t\t\t\t\t\t\t\t\t\t\t\t\t<img fetchpriority=\"high\" decoding=\"async\" width=\"768\" height=\"768\" src=\"https:\/\/insitu-me.eu\/wp-content\/uploads\/2024\/04\/Logo_InSituMedAesthetics_RGB_033-768x768.png\" class=\"attachment-medium_large size-medium_large wp-image-1573\" alt=\"\" srcset=\"https:\/\/insitu-me.eu\/wp-content\/uploads\/2024\/04\/Logo_InSituMedAesthetics_RGB_033-768x768.png 768w, https:\/\/insitu-me.eu\/wp-content\/uploads\/2024\/04\/Logo_InSituMedAesthetics_RGB_033-300x300.png 300w, https:\/\/insitu-me.eu\/wp-content\/uploads\/2024\/04\/Logo_InSituMedAesthetics_RGB_033-1024x1024.png 1024w, https:\/\/insitu-me.eu\/wp-content\/uploads\/2024\/04\/Logo_InSituMedAesthetics_RGB_033-150x150.png 150w, https:\/\/insitu-me.eu\/wp-content\/uploads\/2024\/04\/Logo_InSituMedAesthetics_RGB_033-1536x1536.png 1536w, https:\/\/insitu-me.eu\/wp-content\/uploads\/2024\/04\/Logo_InSituMedAesthetics_RGB_033-2048x2048.png 2048w\" sizes=\"(max-width: 768px) 100vw, 768px\" \/>\t\t\t\t\t\t\t\t\t\t\t\t\t\t\t<\/div>\n\t\t\t\t<\/div>\n\t\t\t\t<div class=\"elementor-element elementor-element-1dc1b664 elementor-widget elementor-widget-text-editor\" data-id=\"1dc1b664\" data-element_type=\"widget\" data-e-type=\"widget\" data-widget_type=\"text-editor.default\">\n\t\t\t\t<div class=\"elementor-widget-container\">\n\t\t\t\t\t\t\t\t\t<p>Qui sommes-nous<\/p>\n\t\t\t\t\t\t\t\t<\/div>\n\t\t\t\t<\/div>\n\t\t\t\t<\/div>\n\t\t<div class=\"elementor-element elementor-element-20b33797 e-con-full e-flex e-con e-child\" data-id=\"20b33797\" data-element_type=\"container\" data-e-type=\"container\">\n\t\t\t\t<\/div>\n\t\t\t\t\t<\/div>\n\t\t\t\t<\/div>\n\t\t<div class=\"elementor-element elementor-element-739d9026 e-flex e-con-boxed e-con e-parent\" data-id=\"739d9026\" data-element_type=\"container\" data-e-type=\"container\" data-settings=\"{&quot;background_background&quot;:&quot;classic&quot;}\">\n\t\t\t\t\t<div class=\"e-con-inner\">\n\t\t<div class=\"elementor-element elementor-element-2b6fb707 e-con-full e-flex e-con e-child\" data-id=\"2b6fb707\" data-element_type=\"container\" data-e-type=\"container\" data-settings=\"{&quot;background_background&quot;:&quot;classic&quot;}\">\n\t\t\t\t<div class=\"elementor-element elementor-element-869efa4 elementor-widget elementor-widget-heading\" data-id=\"869efa4\" data-element_type=\"widget\" data-e-type=\"widget\" data-widget_type=\"heading.default\">\n\t\t\t\t<div class=\"elementor-widget-container\">\n\t\t\t\t\t<h2 class=\"elementor-heading-title elementor-size-default\">Motiv\u00e9 par l\u2019innovation, guid\u00e9 par l\u2019expertise<\/h2>\t\t\t\t<\/div>\n\t\t\t\t<\/div>\n\t\t\t\t<div class=\"elementor-element elementor-element-6640a16c elementor-widget elementor-widget-text-editor\" data-id=\"6640a16c\" data-element_type=\"widget\" data-e-type=\"widget\" data-widget_type=\"text-editor.default\">\n\t\t\t\t<div class=\"elementor-widget-container\">\n\t\t\t\t\t\t\t\t\t<p>Fond\u00e9e en 2017, InSitu Med Aesthetics s\u2019est rapidement impos\u00e9e comme un acteur de premier plan dans l\u2019industrie de l\u2019esth\u00e9tique m\u00e9dicale.<br \/>\nEn tant que distributeur exclusif de Lynton et Asirox, deux leaders mondiaux de la technologie esth\u00e9tique avec plus de vingt ans d\u2019exp\u00e9rience chacun, nous proposons des \u00e9quipements esth\u00e9tiques de pointe aux professionnels en Belgique, au Luxembourg et aux Pays-Bas. <\/p>\n<p>Notre engagement va au-del\u00e0 de la simple fourniture d\u2019\u00e9quipement&nbsp;; Nous apportons de v\u00e9ritables innovations qui transforment la fa\u00e7on dont les soins esth\u00e9tiques sont r\u00e9alis\u00e9s.<br \/>\nChaque appareil que nous proposons est le r\u00e9sultat de recherches scientifiques approfondies et a prouv\u00e9 son efficacit\u00e9 dans la pratique.<br \/>\nNous sommes fiers du fait que nos appareils sont des ajouts essentiels aux pratiques esth\u00e9tiques, permettant \u00e0 nos clients de rester \u00e0 l\u2019avant-garde des avanc\u00e9es technologiques de l\u2019industrie.  <\/p>\n\t\t\t\t\t\t\t\t<\/div>\n\t\t\t\t<\/div>\n\t\t\t\t<\/div>\n\t\t<div class=\"elementor-element elementor-element-3f47c84c e-con-full e-flex e-con e-child\" data-id=\"3f47c84c\" data-element_type=\"container\" data-e-type=\"container\" data-settings=\"{&quot;background_background&quot;:&quot;classic&quot;}\">\n\t\t\t\t<div class=\"elementor-element elementor-element-9cfa4e2 elementor-widget elementor-widget-image\" data-id=\"9cfa4e2\" data-element_type=\"widget\" data-e-type=\"widget\" data-widget_type=\"image.default\">\n\t\t\t\t<div class=\"elementor-widget-container\">\n\t\t\t\t\t\t\t\t\t\t\t\t\t\t\t<img decoding=\"async\" width=\"674\" height=\"849\" src=\"https:\/\/insitu-me.eu\/wp-content\/uploads\/2024\/09\/jules.png\" class=\"attachment-large size-large wp-image-1861\" alt=\"\" srcset=\"https:\/\/insitu-me.eu\/wp-content\/uploads\/2024\/09\/jules.png 674w, https:\/\/insitu-me.eu\/wp-content\/uploads\/2024\/09\/jules-238x300.png 238w\" sizes=\"(max-width: 674px) 100vw, 674px\" \/>\t\t\t\t\t\t\t\t\t\t\t\t\t\t\t<\/div>\n\t\t\t\t<\/div>\n\t\t\t\t<\/div>\n\t\t\t\t\t<\/div>\n\t\t\t\t<\/div>\n\t\t<div class=\"elementor-element elementor-element-9c43c43 e-flex e-con-boxed e-con e-parent\" data-id=\"9c43c43\" data-element_type=\"container\" data-e-type=\"container\" data-settings=\"{&quot;background_background&quot;:&quot;classic&quot;}\">\n\t\t\t\t\t<div class=\"e-con-inner\">\n\t\t<div class=\"elementor-element elementor-element-4f9a696 e-con-full e-flex e-con e-child\" data-id=\"4f9a696\" data-element_type=\"container\" data-e-type=\"container\" data-settings=\"{&quot;background_background&quot;:&quot;classic&quot;}\">\n\t\t\t\t<div class=\"elementor-element elementor-element-c44e5db elementor-widget elementor-widget-image\" data-id=\"c44e5db\" data-element_type=\"widget\" data-e-type=\"widget\" data-widget_type=\"image.default\">\n\t\t\t\t<div class=\"elementor-widget-container\">\n\t\t\t\t\t\t\t\t\t\t\t\t\t\t\t<img decoding=\"async\" width=\"674\" height=\"488\" src=\"https:\/\/insitu-me.eu\/wp-content\/uploads\/2024\/09\/laser2.jpg\" class=\"attachment-large size-large wp-image-1863\" alt=\"\" srcset=\"https:\/\/insitu-me.eu\/wp-content\/uploads\/2024\/09\/laser2.jpg 674w, https:\/\/insitu-me.eu\/wp-content\/uploads\/2024\/09\/laser2-300x217.jpg 300w\" sizes=\"(max-width: 674px) 100vw, 674px\" \/>\t\t\t\t\t\t\t\t\t\t\t\t\t\t\t<\/div>\n\t\t\t\t<\/div>\n\t\t\t\t<\/div>\n\t\t<div class=\"elementor-element elementor-element-e73122c e-con-full e-flex e-con e-child\" data-id=\"e73122c\" data-element_type=\"container\" data-e-type=\"container\" data-settings=\"{&quot;background_background&quot;:&quot;classic&quot;}\">\n\t\t\t\t<div class=\"elementor-element elementor-element-061ab1a elementor-widget elementor-widget-heading\" data-id=\"061ab1a\" data-element_type=\"widget\" data-e-type=\"widget\" data-widget_type=\"heading.default\">\n\t\t\t\t<div class=\"elementor-widget-container\">\n\t\t\t\t\t<h2 class=\"elementor-heading-title elementor-size-default\">Conseils d\u2019experts<\/h2>\t\t\t\t<\/div>\n\t\t\t\t<\/div>\n\t\t\t\t<div class=\"elementor-element elementor-element-1d8966c elementor-widget elementor-widget-text-editor\" data-id=\"1d8966c\" data-element_type=\"widget\" data-e-type=\"widget\" data-widget_type=\"text-editor.default\">\n\t\t\t\t<div class=\"elementor-widget-container\">\n\t\t\t\t\t\t\t\t\t<p>Chez InSitu Med Aesthetics, nous comprenons que chaque professionnel a des besoins et des d\u00e9fis uniques.<br \/>\nC\u2019est pourquoi nous proposons non seulement des produits, mais \u00e9galement un ensemble complet de services d\u2019assistance.<br \/>\nQu\u2019il s\u2019agisse de conseils personnalis\u00e9s, de d\u00e9monstrations de produits ou de sessions de formation compl\u00e8tes, notre \u00e9quipe d\u2019experts est \u00e0 votre disposition pour s\u2019assurer que chaque client puisse tirer le meilleur parti de nos technologies.  <\/p><\/p>\n\t\t\t\t\t\t\t\t<\/div>\n\t\t\t\t<\/div>\n\t\t\t\t<\/div>\n\t\t\t\t\t<\/div>\n\t\t\t\t<\/div>\n\t\t<div class=\"elementor-element elementor-element-77ff143 e-flex e-con-boxed e-con e-parent\" data-id=\"77ff143\" data-element_type=\"container\" data-e-type=\"container\" data-settings=\"{&quot;background_background&quot;:&quot;classic&quot;}\">\n\t\t\t\t\t<div class=\"e-con-inner\">\n\t\t<div class=\"elementor-element elementor-element-bb914f4 e-con-full e-flex e-con e-child\" data-id=\"bb914f4\" data-element_type=\"container\" data-e-type=\"container\" data-settings=\"{&quot;background_background&quot;:&quot;classic&quot;}\">\n\t\t\t\t<div class=\"elementor-element elementor-element-de094a2 elementor-widget elementor-widget-heading\" data-id=\"de094a2\" data-element_type=\"widget\" data-e-type=\"widget\" data-widget_type=\"heading.default\">\n\t\t\t\t<div class=\"elementor-widget-container\">\n\t\t\t\t\t<h2 class=\"elementor-heading-title elementor-size-default\">Service personnalis\u00e9<\/h2>\t\t\t\t<\/div>\n\t\t\t\t<\/div>\n\t\t\t\t<div class=\"elementor-element elementor-element-167910e elementor-widget elementor-widget-text-editor\" data-id=\"167910e\" data-element_type=\"widget\" data-e-type=\"widget\" data-widget_type=\"text-editor.default\">\n\t\t\t\t<div class=\"elementor-widget-container\">\n\t\t\t\t\t\t\t\t\t<p>Le monde de l\u2019esth\u00e9tique m\u00e9dicale est en constante \u00e9volution, et InSitu Med Aesthetics s\u2019engage \u00e0 \u00eatre \u00e0 l\u2019avant-garde de ce changement.<br \/>\nD\u00e9couvrez comment notre expertise, nos technologies innovantes et notre engagement envers la qualit\u00e9 et la satisfaction de la client\u00e8le peuvent transformer votre pratique.<br \/>\nNous ne sommes pas seulement un fournisseur ; Nous sommes votre partenaire dans la r\u00e9ussite.  <\/p>\n<p><span style=\"font-style: inherit; font-weight: inherit; color: var( --e-global-color-astglobalcolor1 ); text-align: var(--text-align); background-color: var(--ast-global-color-5);\">Notre service client ne s\u2019arr\u00eate pas aux ventes.<br \/>\nNous offrons un service de r\u00e9paration complet pour garantir que votre cabinet reste op\u00e9rationnel avec un minimum de perturbations.<br \/>\nNotre support technique est rapide, efficace et toujours pr\u00eat \u00e0 vous aider, assurant la continuit\u00e9 essentielle \u00e0 votre succ\u00e8s.  <\/span><\/p>\n\t\t\t\t\t\t\t\t<\/div>\n\t\t\t\t<\/div>\n\t\t\t\t<\/div>\n\t\t<div class=\"elementor-element elementor-element-74f1f37 e-con-full e-flex e-con e-child\" data-id=\"74f1f37\" data-element_type=\"container\" data-e-type=\"container\" data-settings=\"{&quot;background_background&quot;:&quot;classic&quot;}\">\n\t\t\t\t<div class=\"elementor-element elementor-element-984d02c elementor-widget elementor-widget-image\" data-id=\"984d02c\" data-element_type=\"widget\" data-e-type=\"widget\" data-widget_type=\"image.default\">\n\t\t\t\t<div class=\"elementor-widget-container\">\n\t\t\t\t\t\t\t\t\t\t\t\t\t\t\t<img loading=\"lazy\" decoding=\"async\" width=\"820\" height=\"465\" src=\"https:\/\/insitu-me.eu\/wp-content\/uploads\/2024\/09\/laser.jpg\" class=\"attachment-large size-large wp-image-1865\" alt=\"\" srcset=\"https:\/\/insitu-me.eu\/wp-content\/uploads\/2024\/09\/laser.jpg 820w, https:\/\/insitu-me.eu\/wp-content\/uploads\/2024\/09\/laser-300x170.jpg 300w, https:\/\/insitu-me.eu\/wp-content\/uploads\/2024\/09\/laser-768x436.jpg 768w\" sizes=\"(max-width: 820px) 100vw, 820px\" \/>\t\t\t\t\t\t\t\t\t\t\t\t\t\t\t<\/div>\n\t\t\t\t<\/div>\n\t\t\t\t<\/div>\n\t\t\t\t\t<\/div>\n\t\t\t\t<\/div>\n\t\t<div class=\"elementor-element elementor-element-6a3c7e44 elementor-hidden-mobile e-flex e-con-boxed e-con e-parent\" data-id=\"6a3c7e44\" data-element_type=\"container\" data-e-type=\"container\">\n\t\t\t\t\t<div class=\"e-con-inner\">\n\t\t\t\t\t<\/div>\n\t\t\t\t<\/div>\n\t\t<div class=\"elementor-element elementor-element-3b2317de e-con-full e-flex e-con e-parent\" data-id=\"3b2317de\" data-element_type=\"container\" data-e-type=\"container\" data-settings=\"{&quot;background_background&quot;:&quot;classic&quot;}\">\n\t\t\t\t<div class=\"elementor-element elementor-element-75ca2ce elementor-widget elementor-widget-eael-fancy-text\" data-id=\"75ca2ce\" data-element_type=\"widget\" data-e-type=\"widget\" data-widget_type=\"eael-fancy-text.default\">\n\t\t\t\t<div class=\"elementor-widget-container\">\n\t\t\t\t\t\n\t<div  class=\"eael-fancy-text-container style-1\" data-fancy-text-id=\"75ca2ce\" data-fancy-text=\"|Innovation in Every Pulse\" data-fancy-text-transition-type=\"zoomIn\" data-fancy-text-speed=\"\" data-fancy-text-delay=\"2500\" data-fancy-text-cursor=\"\" data-fancy-text-loop=\"\" data-fancy-text-action=\"page_load\" >\n\t\t\n\t\t\n\t\t\t\t\t<span id=\"eael-fancy-text-75ca2ce\" class=\"eael-fancy-text-strings solid-color\">\n\t\t\t\t<noscript>\n\t\t\t\t\tInnovation in Every Pulse\t\t\t\t<\/noscript>\n\t\t\t<\/span>\n\t\t\n\t\t\t<\/div><!-- close .eael-fancy-text-container -->\n\n\t<div class=\"clearfix\"><\/div>\n\n\t\t\t\t\t<\/div>\n\t\t\t\t<\/div>\n\t\t\t\t<\/div>\n\t\t\t\t<\/div>\n\t\t","protected":false},"excerpt":{"rendered":"<p>Qui sommes-nous Motiv\u00e9 par l\u2019innovation, guid\u00e9 par l\u2019expertise Fond\u00e9e en 2017, InSitu Med Aesthetics s\u2019est rapidement impos\u00e9e comme un acteur [&hellip;]<\/p>\n","protected":false},"author":2,"featured_media":0,"parent":0,"menu_order":0,"comment_status":"closed","ping_status":"closed","template":"","meta":{"_uag_custom_page_level_css":"","site-sidebar-layout":"no-sidebar","site-content-layout":"","ast-site-content-layout":"full-width-container","site-content-style":"default","site-sidebar-style":"default","ast-global-header-display":"","ast-banner-title-visibility":"","ast-main-header-display":"","ast-hfb-above-header-display":"","ast-hfb-below-header-display":"","ast-hfb-mobile-header-display":"","site-post-title":"disabled","ast-breadcrumbs-content":"","ast-featured-img":"disabled","footer-sml-layout":"","ast-disable-related-posts":"","theme-transparent-header-meta":"","adv-header-id-meta":"","stick-header-meta":"","header-above-stick-meta":"","header-main-stick-meta":"","header-below-stick-meta":"","astra-migrate-meta-layouts":"default","ast-page-background-enabled":"default","ast-page-background-meta":{"desktop":{"background-color":"var(--ast-global-color-4)","background-image":"","background-repeat":"repeat","background-position":"center center","background-size":"auto","background-attachment":"scroll","background-type":"","background-media":"","overlay-type":"","overlay-color":"","overlay-opacity":"","overlay-gradient":""},"tablet":{"background-color":"","background-image":"","background-repeat":"repeat","background-position":"center center","background-size":"auto","background-attachment":"scroll","background-type":"","background-media":"","overlay-type":"","overlay-color":"","overlay-opacity":"","overlay-gradient":""},"mobile":{"background-color":"","background-image":"","background-repeat":"repeat","background-position":"center center","background-size":"auto","background-attachment":"scroll","background-type":"","background-media":"","overlay-type":"","overlay-color":"","overlay-opacity":"","overlay-gradient":""}},"ast-content-background-meta":{"desktop":{"background-color":"var(--ast-global-color-5)","background-image":"","background-repeat":"repeat","background-position":"center center","background-size":"auto","background-attachment":"scroll","background-type":"","background-media":"","overlay-type":"","overlay-color":"","overlay-opacity":"","overlay-gradient":""},"tablet":{"background-color":"var(--ast-global-color-5)","background-image":"","background-repeat":"repeat","background-position":"center center","background-size":"auto","background-attachment":"scroll","background-type":"","background-media":"","overlay-type":"","overlay-color":"","overlay-opacity":"","overlay-gradient":""},"mobile":{"background-color":"var(--ast-global-color-5)","background-image":"","background-repeat":"repeat","background-position":"center center","background-size":"auto","background-attachment":"scroll","background-type":"","background-media":"","overlay-type":"","overlay-color":"","overlay-opacity":"","overlay-gradient":""}},"footnotes":""},"class_list":["post-1928","page","type-page","status-publish","hentry"],"uagb_featured_image_src":{"full":false,"thumbnail":false,"medium":false,"medium_large":false,"large":false,"1536x1536":false,"2048x2048":false},"uagb_author_info":{"display_name":"Nikki Brees","author_link":"https:\/\/insitu-me.eu\/fr\/author\/nikki\/"},"uagb_comment_info":0,"uagb_excerpt":"Qui sommes-nous Motiv\u00e9 par l\u2019innovation, guid\u00e9 par l\u2019expertise Fond\u00e9e en 2017, InSitu Med Aesthetics s\u2019est rapidement impos\u00e9e comme un acteur [&hellip;]","_links":{"self":[{"href":"https:\/\/insitu-me.eu\/fr\/wp-json\/wp\/v2\/pages\/1928","targetHints":{"allow":["GET"]}}],"collection":[{"href":"https:\/\/insitu-me.eu\/fr\/wp-json\/wp\/v2\/pages"}],"about":[{"href":"https:\/\/insitu-me.eu\/fr\/wp-json\/wp\/v2\/types\/page"}],"author":[{"embeddable":true,"href":"https:\/\/insitu-me.eu\/fr\/wp-json\/wp\/v2\/users\/2"}],"replies":[{"embeddable":true,"href":"https:\/\/insitu-me.eu\/fr\/wp-json\/wp\/v2\/comments?post=1928"}],"version-history":[{"count":4,"href":"https:\/\/insitu-me.eu\/fr\/wp-json\/wp\/v2\/pages\/1928\/revisions"}],"predecessor-version":[{"id":2107,"href":"https:\/\/insitu-me.eu\/fr\/wp-json\/wp\/v2\/pages\/1928\/revisions\/2107"}],"wp:attachment":[{"href":"https:\/\/insitu-me.eu\/fr\/wp-json\/wp\/v2\/media?parent=1928"}],"curies":[{"name":"wp","href":"https:\/\/api.w.org\/{rel}","templated":true}]}}