{"id":1870,"date":"2024-04-23T13:36:42","date_gmt":"2024-04-23T11:36:42","guid":{"rendered":"https:\/\/insitu-me.eu\/product\/dynamix\/"},"modified":"2024-09-12T16:14:53","modified_gmt":"2024-09-12T14:14:53","slug":"dynamix","status":"publish","type":"product","link":"https:\/\/insitu-me.eu\/fr\/produit\/dynamix\/","title":{"rendered":"Dynamix"},"content":{"rendered":"\n<div class=\"wp-block-uagb-container uagb-block-67960361 alignwide uagb-is-root-container\">\n<div class=\"wp-block-uagb-container uagb-block-a68f7bf4\">\n<h2 class=\"wp-block-heading has-text-align-center has-large-font-size\">Avantages<\/h2>\n\n\n\n<ul class=\"wp-block-list\">\n<li>Fabriqu\u00e9 au Royaume-Uni par Lynton, une entreprise qui a 30 ans d&rsquo;exp\u00e9rience.<\/li>\n\n\n\n<li>Un logiciel avanc\u00e9 et facile \u00e0 utiliser.\nAvec plus de 30 traitements possibles, Dynamix garantit des traitements s\u00fbrs et efficaces pour vos patients. <\/li>\n\n\n\n<li>Facile \u00e0 utiliser gr\u00e2ce \u00e0 un \u00e9cran tactile pratique.<\/li>\n<\/ul>\n<\/div>\n\n\n\n<div class=\"wp-block-uagb-container uagb-block-4f977289\">\n<h2 class=\"wp-block-heading has-text-align-center has-large-font-size\"><\/h2>\n<\/div>\n<\/div>\n","protected":false},"featured_media":1855,"template":"","meta":{"_uag_custom_page_level_css":"","site-sidebar-layout":"default","site-content-layout":"","ast-site-content-layout":"default","site-content-style":"default","site-sidebar-style":"default","ast-global-header-display":"","ast-banner-title-visibility":"","ast-main-header-display":"","ast-hfb-above-header-display":"","ast-hfb-below-header-display":"","ast-hfb-mobile-header-display":"","site-post-title":"","ast-breadcrumbs-content":"","ast-featured-img":"","footer-sml-layout":"","ast-disable-related-posts":"","theme-transparent-header-meta":"","adv-header-id-meta":"","stick-header-meta":"","header-above-stick-meta":"","header-main-stick-meta":"","header-below-stick-meta":"","astra-migrate-meta-layouts":"default","ast-page-background-enabled":"default","ast-page-background-meta":{"desktop":{"background-color":"var(--ast-global-color-4)","background-image":"","background-repeat":"repeat","background-position":"center center","background-size":"auto","background-attachment":"scroll","background-type":"","background-media":"","overlay-type":"","overlay-color":"","overlay-opacity":"","overlay-gradient":""},"tablet":{"background-color":"","background-image":"","background-repeat":"repeat","background-position":"center center","background-size":"auto","background-attachment":"scroll","background-type":"","background-media":"","overlay-type":"","overlay-color":"","overlay-opacity":"","overlay-gradient":""},"mobile":{"background-color":"","background-image":"","background-repeat":"repeat","background-position":"center center","background-size":"auto","background-attachment":"scroll","background-type":"","background-media":"","overlay-type":"","overlay-color":"","overlay-opacity":"","overlay-gradient":""}},"ast-content-background-meta":{"desktop":{"background-color":"var(--ast-global-color-5)","background-image":"","background-repeat":"repeat","background-position":"center center","background-size":"auto","background-attachment":"scroll","background-type":"","background-media":"","overlay-type":"","overlay-color":"","overlay-opacity":"","overlay-gradient":""},"tablet":{"background-color":"var(--ast-global-color-5)","background-image":"","background-repeat":"repeat","background-position":"center center","background-size":"auto","background-attachment":"scroll","background-type":"","background-media":"","overlay-type":"","overlay-color":"","overlay-opacity":"","overlay-gradient":""},"mobile":{"background-color":"var(--ast-global-color-5)","background-image":"","background-repeat":"repeat","background-position":"center center","background-size":"auto","background-attachment":"scroll","background-type":"","background-media":"","overlay-type":"","overlay-color":"","overlay-opacity":"","overlay-gradient":""}}},"class_list":["post-1870","product","type-product","status-publish","has-post-thumbnail","hentry"],"uagb_featured_image_src":{"full":["https:\/\/insitu-me.eu\/wp-content\/uploads\/2024\/04\/Banner-Dynamix.jpg",2048,597,false],"thumbnail":["https:\/\/insitu-me.eu\/wp-content\/uploads\/2024\/04\/Banner-Dynamix-150x150.jpg",150,150,true],"medium":["https:\/\/insitu-me.eu\/wp-content\/uploads\/2024\/04\/Banner-Dynamix-300x87.jpg",300,87,true],"medium_large":["https:\/\/insitu-me.eu\/wp-content\/uploads\/2024\/04\/Banner-Dynamix-768x224.jpg",768,224,true],"large":["https:\/\/insitu-me.eu\/wp-content\/uploads\/2024\/04\/Banner-Dynamix-1024x299.jpg",1024,299,true],"1536x1536":["https:\/\/insitu-me.eu\/wp-content\/uploads\/2024\/04\/Banner-Dynamix-1536x448.jpg",1536,448,true],"2048x2048":["https:\/\/insitu-me.eu\/wp-content\/uploads\/2024\/04\/Banner-Dynamix.jpg",2048,597,false]},"uagb_author_info":{"display_name":"gert","author_link":"https:\/\/insitu-me.eu\/fr\/author\/"},"uagb_comment_info":0,"uagb_excerpt":"Avantages","_links":{"self":[{"href":"https:\/\/insitu-me.eu\/fr\/wp-json\/wp\/v2\/product\/1870","targetHints":{"allow":["GET"]}}],"collection":[{"href":"https:\/\/insitu-me.eu\/fr\/wp-json\/wp\/v2\/product"}],"about":[{"href":"https:\/\/insitu-me.eu\/fr\/wp-json\/wp\/v2\/types\/product"}],"version-history":[{"count":4,"href":"https:\/\/insitu-me.eu\/fr\/wp-json\/wp\/v2\/product\/1870\/revisions"}],"predecessor-version":[{"id":1878,"href":"https:\/\/insitu-me.eu\/fr\/wp-json\/wp\/v2\/product\/1870\/revisions\/1878"}],"wp:featuredmedia":[{"embeddable":true,"href":"https:\/\/insitu-me.eu\/fr\/wp-json\/wp\/v2\/media\/1855"}],"wp:attachment":[{"href":"https:\/\/insitu-me.eu\/fr\/wp-json\/wp\/v2\/media?parent=1870"}],"curies":[{"name":"wp","href":"https:\/\/api.w.org\/{rel}","templated":true}]}}