{"id":1890,"date":"2024-04-23T10:20:11","date_gmt":"2024-04-23T08:20:11","guid":{"rendered":"https:\/\/insitu-me.eu\/product\/rebright\/"},"modified":"2024-09-12T16:16:37","modified_gmt":"2024-09-12T14:16:37","slug":"rebright","status":"publish","type":"product","link":"https:\/\/insitu-me.eu\/fr\/produit\/rebright\/","title":{"rendered":"ReBright"},"content":{"rendered":"\n<div class=\"wp-block-uagb-container uagb-block-67960361 alignwide uagb-is-root-container\">\n<div class=\"wp-block-uagb-container uagb-block-a68f7bf4\">\n<h2 class=\"wp-block-heading has-text-align-center has-large-font-size\">Avantages<\/h2>\n\n\n\n<p>Gr\u00e2ce \u00e0 la technologie DynamicReflex, la dur\u00e9e de l\u2019impulsion est r\u00e9duite \u00e0 moins de 1 ms et lib\u00e9r\u00e9e via une imp\u00e9dance d\u2019impulsion \u00e0 6 niveaux.\nEn cons\u00e9quence, la chaleur \u00e9mise est concentr\u00e9e sur l\u2019endroit cible et la peau environnante b\u00e9n\u00e9ficie d\u2019un temps de relaxation thermique plus long et le risque de l\u00e9sions cutan\u00e9es est consid\u00e9rablement r\u00e9duit. <\/p>\n<\/div>\n\n\n\n<div class=\"wp-block-uagb-container uagb-block-4f977289\">\n<h2 class=\"wp-block-heading has-text-align-center has-large-font-size\">Traitements<\/h2>\n\n\n\n<ul class=\"wp-block-list\">\n<li>Remodelage du collag\u00e8ne : 6 s\u00e9ances avec un intervalle de 3 \u00e0 4 semaines.<\/li>\n\n\n\n<li>Anomalies pigmentaires et vasculaires : 2 ou 3 s\u00e9ances.<\/li>\n<\/ul>\n<\/div>\n<\/div>\n","protected":false},"featured_media":0,"template":"","meta":{"_uag_custom_page_level_css":"","site-sidebar-layout":"default","site-content-layout":"","ast-site-content-layout":"default","site-content-style":"default","site-sidebar-style":"default","ast-global-header-display":"","ast-banner-title-visibility":"","ast-main-header-display":"","ast-hfb-above-header-display":"","ast-hfb-below-header-display":"","ast-hfb-mobile-header-display":"","site-post-title":"","ast-breadcrumbs-content":"","ast-featured-img":"","footer-sml-layout":"","ast-disable-related-posts":"","theme-transparent-header-meta":"","adv-header-id-meta":"","stick-header-meta":"","header-above-stick-meta":"","header-main-stick-meta":"","header-below-stick-meta":"","astra-migrate-meta-layouts":"default","ast-page-background-enabled":"default","ast-page-background-meta":{"desktop":{"background-color":"var(--ast-global-color-4)","background-image":"","background-repeat":"repeat","background-position":"center center","background-size":"auto","background-attachment":"scroll","background-type":"","background-media":"","overlay-type":"","overlay-color":"","overlay-opacity":"","overlay-gradient":""},"tablet":{"background-color":"","background-image":"","background-repeat":"repeat","background-position":"center center","background-size":"auto","background-attachment":"scroll","background-type":"","background-media":"","overlay-type":"","overlay-color":"","overlay-opacity":"","overlay-gradient":""},"mobile":{"background-color":"","background-image":"","background-repeat":"repeat","background-position":"center center","background-size":"auto","background-attachment":"scroll","background-type":"","background-media":"","overlay-type":"","overlay-color":"","overlay-opacity":"","overlay-gradient":""}},"ast-content-background-meta":{"desktop":{"background-color":"var(--ast-global-color-5)","background-image":"","background-repeat":"repeat","background-position":"center center","background-size":"auto","background-attachment":"scroll","background-type":"","background-media":"","overlay-type":"","overlay-color":"","overlay-opacity":"","overlay-gradient":""},"tablet":{"background-color":"var(--ast-global-color-5)","background-image":"","background-repeat":"repeat","background-position":"center center","background-size":"auto","background-attachment":"scroll","background-type":"","background-media":"","overlay-type":"","overlay-color":"","overlay-opacity":"","overlay-gradient":""},"mobile":{"background-color":"var(--ast-global-color-5)","background-image":"","background-repeat":"repeat","background-position":"center center","background-size":"auto","background-attachment":"scroll","background-type":"","background-media":"","overlay-type":"","overlay-color":"","overlay-opacity":"","overlay-gradient":""}}},"class_list":["post-1890","product","type-product","status-publish","hentry"],"uagb_featured_image_src":{"full":false,"thumbnail":false,"medium":false,"medium_large":false,"large":false,"1536x1536":false,"2048x2048":false},"uagb_author_info":{"display_name":"gert","author_link":"https:\/\/insitu-me.eu\/fr\/author\/"},"uagb_comment_info":0,"uagb_excerpt":"Avantages Gr\u00e2ce \u00e0 la technologie DynamicReflex, la dur\u00e9e de l\u2019impulsion est r\u00e9duite \u00e0 moins de 1 ms et lib\u00e9r\u00e9e via [&hellip;]","_links":{"self":[{"href":"https:\/\/insitu-me.eu\/fr\/wp-json\/wp\/v2\/product\/1890","targetHints":{"allow":["GET"]}}],"collection":[{"href":"https:\/\/insitu-me.eu\/fr\/wp-json\/wp\/v2\/product"}],"about":[{"href":"https:\/\/insitu-me.eu\/fr\/wp-json\/wp\/v2\/types\/product"}],"version-history":[{"count":7,"href":"https:\/\/insitu-me.eu\/fr\/wp-json\/wp\/v2\/product\/1890\/revisions"}],"predecessor-version":[{"id":2051,"href":"https:\/\/insitu-me.eu\/fr\/wp-json\/wp\/v2\/product\/1890\/revisions\/2051"}],"wp:attachment":[{"href":"https:\/\/insitu-me.eu\/fr\/wp-json\/wp\/v2\/media?parent=1890"}],"curies":[{"name":"wp","href":"https:\/\/api.w.org\/{rel}","templated":true}]}}